{"id":1503,"date":"2021-01-27T15:06:34","date_gmt":"2021-01-27T15:06:34","guid":{"rendered":"https:\/\/neplamarque.com\/?product=eponge-konjac"},"modified":"2023-02-25T13:03:54","modified_gmt":"2023-02-25T13:03:54","slug":"eponge-konjac","status":"publish","type":"product","link":"https:\/\/neplamarque.com\/?product=eponge-konjac","title":{"rendered":"Eponge konjac"},"content":{"rendered":"<ul>\n<li>L\u2019\u00e9ponge Konjac est parfaitement adapt\u00e9e \u00e0 <strong>tous types de peaux<\/strong>, m\u00eame les plus sensibles.<\/li>\n<li>Issue de la <strong>plante de Konjac<\/strong> utilis\u00e9e depuis plus de 1000 ans au Japon dans les rituels quotidiens de beaut\u00e9, elle permet <strong>d\u2019\u00e9liminer<\/strong> en douceur les impuret\u00e9s et de <strong>stimuler<\/strong> la microcirculation sanguine.<\/li>\n<li>Agr\u00e9able et facile \u00e0 utiliser,<strong> elle nettoie, d\u00e9maquille et exfolie en douceur<\/strong>.<\/li>\n<li>Compos\u00e9e de fibres v\u00e9g\u00e9tales, elle est r\u00e9utilisable.<\/li>\n<\/ul>\n","protected":false},"excerpt":{"rendered":"<p>Eponge konjac pour le <strong>nettoyage de la peau<\/strong>.<\/p>\n","protected":false},"featured_media":3070,"template":"","meta":[],"product_brand":[],"product_cat":[16],"product_tag":[],"class_list":{"0":"post-1503","1":"product","2":"type-product","3":"status-publish","4":"has-post-thumbnail","6":"product_cat-accessoires-et-coutellerie","8":"first","9":"instock","10":"purchasable","11":"product-type-simple"},"_links":{"self":[{"href":"https:\/\/neplamarque.com\/index.php?rest_route=\/wp\/v2\/product\/1503","targetHints":{"allow":["GET"]}}],"collection":[{"href":"https:\/\/neplamarque.com\/index.php?rest_route=\/wp\/v2\/product"}],"about":[{"href":"https:\/\/neplamarque.com\/index.php?rest_route=\/wp\/v2\/types\/product"}],"wp:featuredmedia":[{"embeddable":true,"href":"https:\/\/neplamarque.com\/index.php?rest_route=\/wp\/v2\/media\/3070"}],"wp:attachment":[{"href":"https:\/\/neplamarque.com\/index.php?rest_route=%2Fwp%2Fv2%2Fmedia&parent=1503"}],"wp:term":[{"taxonomy":"product_brand","embeddable":true,"href":"https:\/\/neplamarque.com\/index.php?rest_route=%2Fwp%2Fv2%2Fproduct_brand&post=1503"},{"taxonomy":"product_cat","embeddable":true,"href":"https:\/\/neplamarque.com\/index.php?rest_route=%2Fwp%2Fv2%2Fproduct_cat&post=1503"},{"taxonomy":"product_tag","embeddable":true,"href":"https:\/\/neplamarque.com\/index.php?rest_route=%2Fwp%2Fv2%2Fproduct_tag&post=1503"}],"curies":[{"name":"wp","href":"https:\/\/api.w.org\/{rel}","templated":true}]}}