{"id":2175,"date":"2021-02-16T10:35:49","date_gmt":"2021-02-16T10:35:49","guid":{"rendered":"https:\/\/neplamarque.com\/?page_id=2175"},"modified":"2021-02-23T09:58:38","modified_gmt":"2021-02-23T09:58:38","slug":"qui-sommes-nous","status":"publish","type":"page","link":"https:\/\/neplamarque.com\/?page_id=2175","title":{"rendered":"Qui sommes-nous"},"content":{"rendered":"\n\n\t<section class=\"section\" id=\"section_766680891\">\n\t\t<div class=\"section-bg fill\" >\n\t\t\t\t\t\t\t\t\t\n\t\t\t\n\n\t\t<\/div>\n\n\t\t\n\n\t\t<div class=\"section-content relative\">\n\t\t\t\n\n<div class=\"row align-center\"  id=\"row-792127608\">\n\n\n\t<div id=\"col-945535274\" class=\"col medium-9 small-12 large-9\"  >\n\t\t\t\t<div class=\"col-inner\"  >\n\t\t\t\n\t\t\t\n\n<div class=\"row row-large align-center\"  id=\"row-369890733\">\n\n\n\t<div id=\"col-2048913352\" class=\"col medium-6 small-10 large-6\"  >\n\t\t\t\t<div class=\"col-inner\"  >\n\t\t\t\n\t\t\t\n\n<div class=\"row\"  id=\"row-19236316\">\n\n\n\t<div id=\"col-692035973\" class=\"col small-12 large-12\"  >\n\t\t\t\t<div class=\"col-inner\"  >\n\t\t\t\n\t\t\t\n\n\t<div id=\"gap-2091307939\" class=\"gap-element clearfix\" style=\"display:block; height:auto;\">\n\t\t\n<style>\n#gap-2091307939 {\n  padding-top: 39px;\n}\n<\/style>\n\t<\/div>\n\t\n\n<p><span style=\"font-size: 150%;\">NEP La Marque<\/span><\/p>\n\n\t\t<\/div>\n\t\t\t\t\n<style>\n#col-692035973 > .col-inner {\n  margin: 0px 0px -50px 0px;\n}\n<\/style>\n\t<\/div>\n\n\t\n\n<\/div>\n<p><span style=\"font-size: 100%;\">NEP La Marque c\u2019est avant tout une aventure qui a commenc\u00e9 en 2003 avec la cr\u00e9ation des laboratoires Nepenthes.<br \/>\nC\u2019est l\u2019aventure de pharmaciens qui ont d\u00e9cid\u00e9 de faire de leur proximit\u00e9 avec le client un v\u00e9ritable pilier pour cr\u00e9er chaque jour, depuis 18 ans, des produits de qualit\u00e9. C\u2019est dans cette volont\u00e9 de toujours marcher main dans la main avec le consommateur que NEP La Marque est n\u00e9e.<\/span><\/p>\n\t<div class=\"img has-hover x md-x lg-x y md-y lg-y\" id=\"image_1530665534\">\n\t\t\t\t\t\t<div data-animate=\"fadeInUp\">\t\t<div class=\"img-inner dark\" >\n\t\t\t<img loading=\"lazy\" decoding=\"async\" width=\"1020\" height=\"680\" src=\"https:\/\/neplamarque.com\/wp-content\/uploads\/2021\/02\/Famille-1024x683.jpg\" class=\"attachment-large size-large\" alt=\"\" srcset=\"https:\/\/neplamarque.com\/wp-content\/uploads\/2021\/02\/Famille-1024x683.jpg 1024w, https:\/\/neplamarque.com\/wp-content\/uploads\/2021\/02\/Famille-scaled-510x340.jpg 510w, https:\/\/neplamarque.com\/wp-content\/uploads\/2021\/02\/Famille-300x200.jpg 300w, https:\/\/neplamarque.com\/wp-content\/uploads\/2021\/02\/Famille-768x512.jpg 768w, https:\/\/neplamarque.com\/wp-content\/uploads\/2021\/02\/Famille-1536x1024.jpg 1536w, https:\/\/neplamarque.com\/wp-content\/uploads\/2021\/02\/Famille-2048x1365.jpg 2048w\" sizes=\"auto, (max-width: 1020px) 100vw, 1020px\" \/>\t\t\t\t\t\t\n\t\t\t\t\t<\/div>\n\t\t<\/div>\t\t\t\t\t\t\n<style>\n#image_1530665534 {\n  width: 100%;\n}\n<\/style>\n\t<\/div>\n\t\n\n\n\t\t<\/div>\n\t\t\t\t\t<\/div>\n\n\t\n\n\t<div id=\"col-310359308\" class=\"col medium-5 small-10 large-5\"  data-animate=\"fadeInRight\">\n\t\t\t\t<div class=\"col-inner\"  >\n\t\t\t\n\t\t\t\n\n\t<div id=\"gap-1557754048\" class=\"gap-element clearfix\" style=\"display:block; height:auto;\">\n\t\t\n<style>\n#gap-1557754048 {\n  padding-top: 50px;\n}\n<\/style>\n\t<\/div>\n\t\n\n<h3 class=\"uppercase\">1) Authentique<\/h3>\n<p>\nChez NEP, nous partons toujours du m\u00eame point de d\u00e9part : le besoin du consommateur. Derri\u00e8re notre entreprise il y a une histoire, celle de pharmaciens d\u2019officines passionn\u00e9s qui ont d\u00e9cid\u00e9 de m\u00ealer exp\u00e9rience de terrain et comp\u00e9tences pour cr\u00e9er une marque qui r\u00e9pond toujours mieux aux besoins des clients. C\u2019est en \u00e9tant au plus pr\u00e8s du consommateur que nous arrivons \u00e0 toujours mieux le comprendre. <\/p>\n\t<div id=\"gap-604959634\" class=\"gap-element clearfix\" style=\"display:block; height:auto;\">\n\t\t\n<style>\n#gap-604959634 {\n  padding-top: 30px;\n}\n<\/style>\n\t<\/div>\n\t\n\n<h3 class=\"uppercase\">2) Transparence <\/h3>\n<p>\nNEP, c\u2019est aussi la marque qui se renouvelle et s\u2019adapte continuellement aux \u00e9volutions et pr\u00e9occupations de notre soci\u00e9t\u00e9. Proposer des produits dont les formules respectent le bien-\u00eatre de nos clients et l\u2019environnement, c\u2019est aussi pour cela que NEP a \u00e9t\u00e9 pens\u00e9e.<br \/>\nPour incarner la transparence, nous avons fait le choix de privil\u00e9gier davantage les circuits courts dans le but de r\u00e9pondre \u00e0 trois crit\u00e8res essentiels : respect de l\u2019environnement, tra\u00e7abilit\u00e9 et qualit\u00e9. <\/p>\n\t<div id=\"gap-2145570982\" class=\"gap-element clearfix\" style=\"display:block; height:auto;\">\n\t\t\n<style>\n#gap-2145570982 {\n  padding-top: 30px;\n}\n<\/style>\n\t<\/div>\n\t\n\n<h3 class=\"uppercase\">3) \u00c0 port\u00e9e de main <\/h3>\n<p>\nNEP, c\u2019est LA marque qui croit sinc\u00e8rement que chaque consommateur m\u00e9rite ce qu\u2019il y a de mieux. C\u2019est pourquoi, nous refusons de vous demander de choisir entre qualit\u00e9 et prix. Parce que la sant\u00e9 est primordiale et que votre bien-\u00eatre passe avant tout, nous avons fait en sorte de nous adapter \u00e0 tous et \u00e0 tous les budgets. En ce sens, nous avons con\u00e7u des produits susceptibles de r\u00e9pondre aux besoins de toute la famille, avec pour finalit\u00e9 d\u2019offrir \u00e0 chacun, la qualit\u00e9 qu\u2019il m\u00e9rite.<\/p>\n\n\t\t<\/div>\n\t\t\t\t\t<\/div>\n\n\t\n\n<\/div>\n\n\t\t<\/div>\n\t\t\t\t\t<\/div>\n\n\t\n\n<\/div>\n\n\t\t<\/div>\n\n\t\t\n<style>\n#section_766680891 {\n  padding-top: 30px;\n  padding-bottom: 30px;\n}\n<\/style>\n\t<\/section>\n\t\n<div class=\"container section-title-container\" ><h4 class=\"section-title section-title-center\"><b aria-hidden=\"true\"><\/b><span class=\"section-title-main\" style=\"color:rgb(73, 96, 129);\"><i class=\"icon-instagram\" aria-hidden=\"true\"><\/i>NEP la marque est sur INSTAGRAM<\/span><b aria-hidden=\"true\"><\/b><\/h4><\/div>\n\nNo images found.\n\n\n","protected":false},"excerpt":{"rendered":"","protected":false},"author":1,"featured_media":0,"parent":0,"menu_order":0,"comment_status":"closed","ping_status":"closed","template":"page-blank.php","meta":{"footnotes":""},"class_list":["post-2175","page","type-page","status-publish","hentry"],"_links":{"self":[{"href":"https:\/\/neplamarque.com\/index.php?rest_route=\/wp\/v2\/pages\/2175","targetHints":{"allow":["GET"]}}],"collection":[{"href":"https:\/\/neplamarque.com\/index.php?rest_route=\/wp\/v2\/pages"}],"about":[{"href":"https:\/\/neplamarque.com\/index.php?rest_route=\/wp\/v2\/types\/page"}],"author":[{"embeddable":true,"href":"https:\/\/neplamarque.com\/index.php?rest_route=\/wp\/v2\/users\/1"}],"replies":[{"embeddable":true,"href":"https:\/\/neplamarque.com\/index.php?rest_route=%2Fwp%2Fv2%2Fcomments&post=2175"}],"version-history":[{"count":11,"href":"https:\/\/neplamarque.com\/index.php?rest_route=\/wp\/v2\/pages\/2175\/revisions"}],"predecessor-version":[{"id":2232,"href":"https:\/\/neplamarque.com\/index.php?rest_route=\/wp\/v2\/pages\/2175\/revisions\/2232"}],"wp:attachment":[{"href":"https:\/\/neplamarque.com\/index.php?rest_route=%2Fwp%2Fv2%2Fmedia&parent=2175"}],"curies":[{"name":"wp","href":"https:\/\/api.w.org\/{rel}","templated":true}]}}